{"id":216,"date":"2024-11-26T15:52:33","date_gmt":"2024-11-26T18:52:33","guid":{"rendered":"https:\/\/sites.historia.uff.br\/neaf\/?page_id=216"},"modified":"2024-11-26T20:27:30","modified_gmt":"2024-11-26T23:27:30","slug":"noticias","status":"publish","type":"page","link":"https:\/\/sites.historia.uff.br\/neaf\/noticias\/","title":{"rendered":"Not\u00edcias"},"content":{"rendered":"\n<figure class=\"wp-block-image alignfull size-large\"><img loading=\"lazy\" width=\"1024\" height=\"225\" src=\"https:\/\/sites.historia.uff.br\/neaf\/wp-content\/uploads\/sites\/3\/2024\/11\/Logo_Neaf_Noticias-1024x225.png\" alt=\"\" class=\"wp-image-217\" srcset=\"https:\/\/sites.historia.uff.br\/neaf\/wp-content\/uploads\/sites\/3\/2024\/11\/Logo_Neaf_Noticias-1024x225.png 1024w, https:\/\/sites.historia.uff.br\/neaf\/wp-content\/uploads\/sites\/3\/2024\/11\/Logo_Neaf_Noticias-300x66.png 300w, https:\/\/sites.historia.uff.br\/neaf\/wp-content\/uploads\/sites\/3\/2024\/11\/Logo_Neaf_Noticias-768x169.png 768w, https:\/\/sites.historia.uff.br\/neaf\/wp-content\/uploads\/sites\/3\/2024\/11\/Logo_Neaf_Noticias.png 1366w\" sizes=\"(max-width: 1024px) 100vw, 1024px\" \/><\/figure>\n\n\n\n\t\t\t<div class=\"uagb-post-grid  uagb-post__image-position-top uagb-block-0ef5ebcd    uagb-post__arrow-outside\" data-total=\"1\">\n\n\t\t\t\t<div class=\"uagb-post__items uagb-post__columns-1 is-carousel uagb-post__columns-tablet-2 uagb-post__columns-mobile-1\">\n\n\t\t\t\t\t\t\t\t<article >\n\t\t\t\t\t\t\t\t\t\t<div class=\"uagb-post__inner-wrap\">\n\t\t\t\t\t\t\t\t\t\t\t\t\t\t\t<div class='uagb-post__image'>\n\t\t\t\t<a href=\"https:\/\/sites.historia.uff.br\/neaf\/2024\/11\/26\/especialistas-do-mundo-inteiro-se-reunem-encontro-de-estudos-africanos\/\" target=\"_self\" rel=\"bookmark noopener noreferrer\"><img width=\"1024\" height=\"225\" src=\"https:\/\/sites.historia.uff.br\/neaf\/wp-content\/uploads\/sites\/3\/2024\/11\/Logo_Neaf_Nucleo-de-Estudos-Africanos-cor-1024x225.jpg\" class=\"attachment-large size-large\" alt=\"\" loading=\"lazy\" srcset=\"https:\/\/sites.historia.uff.br\/neaf\/wp-content\/uploads\/sites\/3\/2024\/11\/Logo_Neaf_Nucleo-de-Estudos-Africanos-cor-1024x225.jpg 1024w, https:\/\/sites.historia.uff.br\/neaf\/wp-content\/uploads\/sites\/3\/2024\/11\/Logo_Neaf_Nucleo-de-Estudos-Africanos-cor-300x66.jpg 300w, https:\/\/sites.historia.uff.br\/neaf\/wp-content\/uploads\/sites\/3\/2024\/11\/Logo_Neaf_Nucleo-de-Estudos-Africanos-cor-768x169.jpg 768w, https:\/\/sites.historia.uff.br\/neaf\/wp-content\/uploads\/sites\/3\/2024\/11\/Logo_Neaf_Nucleo-de-Estudos-Africanos-cor.jpg 1366w\" sizes=\"(max-width: 1024px) 100vw, 1024px\" \/>\t\t\t\t<\/a>\n\t\t\t<\/div>\n\t\t\t\t\t\t<div class='uagb-post__text'> \n\t\t\t\t<h3 class=\"uagb-post__title\">\n\t\t\t\t\t<a href=\"https:\/\/sites.historia.uff.br\/neaf\/2024\/11\/26\/especialistas-do-mundo-inteiro-se-reunem-encontro-de-estudos-africanos\/\" target=\"_self\" rel=\"bookmark noopener noreferrer\">Especialistas do mundo inteiro reunidos em Encontro de Estudos Africanos<\/a>\n\t\t\t\t<\/h3>\n\t\t\t<\/div>\n\t\t\t\t\t\t<div class='uagb-post__text'> \n\t\t\t<div class=\"uagb-post-grid-byline\">\n\t\t\t\t\t\t\t\t<span class=\"uagb-post__author\">\n\t\t\t\t\t<span class=\"dashicons-admin-users dashicons\"><\/span>\n\t\t\t\t\t<a href=\"https:\/\/sites.historia.uff.br\/neaf\/author\/neaf\/\" title=\"Posts de neaf\" rel=\"author\">neaf<\/a>\t\t\t\t<\/span>\n\t\t\t\t\t\t\t<time datetime=\"2024-11-26T16:08:56-03:00\" class=\"uagb-post__date\">\n\t\t\t\t\t<span class=\"dashicons-calendar dashicons\"><\/span>\n\t\t\t\t\t26 de novembro de 2024\t\t\t\t<\/time>\n\t\t\t\t\t\t\t<span class=\"uagb-post__comment\">\n\t\t\t\t\t<span class=\"dashicons-admin-comments dashicons\"><\/span>\n\t\t\t\t\tNenhum coment\u00e1rio\t\t\t\t<\/span>\n\t\t\t\t\t\t<\/div>\n\t\t\t<\/div>\n\t\t\t\t\t\t\t<div class='uagb-post__text'> \n\t\t\t\t\t<div class=\"uagb-post__excerpt\">\n\t\t\t\t\t\t| Roquinaldo Ferreira \u00e9 um dos destaques do ciclo de debates que come\u00e7a amanh\u00e3 |\n\n\n\n\n\n\n\n\n\n\n\n\n\n\n\n\n\n\n\nEntre os dias 27 e 29 de novembro, a partir das \u2026\t\t\t\t\t<\/div>\n\t\t\t<\/div>\n\t\t\t\t\t\t<div class='uagb-post__text'> \n\t\t\t\t<div class=\"uagb-post__cta\">\n\t\t\t\t\t<a class=\"uagb-post__link uagb-text-link\" href=\"https:\/\/sites.historia.uff.br\/neaf\/2024\/11\/26\/especialistas-do-mundo-inteiro-se-reunem-encontro-de-estudos-africanos\/\" target=\"_self\" rel=\"bookmark noopener noreferrer\">Leia mais<\/a>\n\t\t\t\t<\/div>\n\t\t\t<\/div>\n\t\t\t\t\t\t\t\t<\/div>\n\t\t\t\t\t\t\t\t\t<\/article>\n\t\t\t\t\t\t\t\t<\/div>\n\t\t\t\t\t\t\t<\/div>\n\t\t\t\n\n\n<p><\/p>\n\n\n\t\t\t<div class = \"uagb-timeline__outer-wrap uagb-block-95361c51-b405-45cd-9b2c-19f2a199531c   \" >\n\t\t\t\t<div  class = \"uagb-timeline__arrow-center uagb-timeline__center-block uagb_timeline__cta-enable uagb-timeline__responsive-tablet uagb-timeline uagb-timeline__content-wrap\" >\n\t\t\t\t\t<div class = \"uagb-timeline-wrapper\">\n\t\t\t\t\t\t<div class = \"uagb-timeline__main\">\n\t\t\t\t\t\t\t\t\t\t<div class = \"uagb-timeline__days\">\n\t\t\t\t\t\t\t<article class = \"uagb-timeline__field uagb-timeline__field-wrap\">\n\t\t\t\t<div class = \"uagb-timeline__widget uagb-timeline__right\">\n\t\t\t\t\t\t\t\t<div class = \"uagb-timeline__marker uagb-timeline__out-view-icon\" >\n\t\t\t\t<span class = \"uagb-timeline__icon-new uagb-timeline__out-view-icon\" >\t\t\t<svg xmlns=\"https:\/\/www.w3.org\/2000\/svg\" viewBox= \"0 0 448 512\"><path d=\"M0 464c0 26.5 21.5 48 48 48h352c26.5 0 48-21.5 48-48V192H0v272zm320-196c0-6.6 5.4-12 12-12h40c6.6 0 12 5.4 12 12v40c0 6.6-5.4 12-12 12h-40c-6.6 0-12-5.4-12-12v-40zm0 128c0-6.6 5.4-12 12-12h40c6.6 0 12 5.4 12 12v40c0 6.6-5.4 12-12 12h-40c-6.6 0-12-5.4-12-12v-40zM192 268c0-6.6 5.4-12 12-12h40c6.6 0 12 5.4 12 12v40c0 6.6-5.4 12-12 12h-40c-6.6 0-12-5.4-12-12v-40zm0 128c0-6.6 5.4-12 12-12h40c6.6 0 12 5.4 12 12v40c0 6.6-5.4 12-12 12h-40c-6.6 0-12-5.4-12-12v-40zM64 268c0-6.6 5.4-12 12-12h40c6.6 0 12 5.4 12 12v40c0 6.6-5.4 12-12 12H76c-6.6 0-12-5.4-12-12v-40zm0 128c0-6.6 5.4-12 12-12h40c6.6 0 12 5.4 12 12v40c0 6.6-5.4 12-12 12H76c-6.6 0-12-5.4-12-12v-40zM400 64h-48V16c0-8.8-7.2-16-16-16h-32c-8.8 0-16 7.2-16 16v48H160V16c0-8.8-7.2-16-16-16h-32c-8.8 0-16 7.2-16 16v48H48C21.5 64 0 85.5 0 112v48h448v-48c0-26.5-21.5-48-48-48z\"><\/path><\/svg>\n\t\t\t<\/span>\n\t\t\t<\/div>\n\t\t\t\t\t\t\t\t<div class = \"uagb-timeline__day-new uagb-timeline__day-right\" >\n\t\t\t\t\t\t<div class = \"uagb-timeline__events-new\">\n\t\t\t\t\t\t\t<div class =\"uagb-timeline__events-inner-new\">\n\t\t\t\t\t\t\t\t<div class = \"uagb-timeline__date-hide uagb-timeline__date-inner\" >\n\t\t\t\t\t\t\t\t\t\t\t\t\t<div datetime=\"2024-11-26T16:08:56-03:00\" class=\"uagb-timeline__inner-date-new\">novembro 26, 2024<\/div>\n\t\t\t\t\t\t\t\t\t\t\t\t<\/div>\n\n\t\t\t\t\t\t\t\t\t\t\t<div class='uagb-timeline__image'>\n\t\t\t\t<a href=\"https:\/\/sites.historia.uff.br\/neaf\/2024\/11\/26\/especialistas-do-mundo-inteiro-se-reunem-encontro-de-estudos-africanos\/\" target=\"_self\" rel=\"noopener noreferrer\"><img width=\"1024\" height=\"225\" src=\"https:\/\/sites.historia.uff.br\/neaf\/wp-content\/uploads\/sites\/3\/2024\/11\/Logo_Neaf_Nucleo-de-Estudos-Africanos-cor-1024x225.jpg\" class=\"attachment-large size-large\" alt=\"\" loading=\"lazy\" srcset=\"https:\/\/sites.historia.uff.br\/neaf\/wp-content\/uploads\/sites\/3\/2024\/11\/Logo_Neaf_Nucleo-de-Estudos-Africanos-cor-1024x225.jpg 1024w, https:\/\/sites.historia.uff.br\/neaf\/wp-content\/uploads\/sites\/3\/2024\/11\/Logo_Neaf_Nucleo-de-Estudos-Africanos-cor-300x66.jpg 300w, https:\/\/sites.historia.uff.br\/neaf\/wp-content\/uploads\/sites\/3\/2024\/11\/Logo_Neaf_Nucleo-de-Estudos-Africanos-cor-768x169.jpg 768w, https:\/\/sites.historia.uff.br\/neaf\/wp-content\/uploads\/sites\/3\/2024\/11\/Logo_Neaf_Nucleo-de-Estudos-Africanos-cor.jpg 1366w\" sizes=\"(max-width: 1024px) 100vw, 1024px\" \/>\t\t\t\t<\/a>\n\t\t\t<\/div>\n\t\t\t\n\t\t\t\t\t\t\t\t<div class = \"uagb-content\" >\n\t\t\t\t\t\t\t\t\t\t\t\t<div class = \"uagb-timeline__heading-text\" >\n\t\t\t\t\t\t\t\t<h3 class=\"uagb-timeline__heading\" >\n\t\t\t\t\t<a href=\"https:\/\/sites.historia.uff.br\/neaf\/2024\/11\/26\/especialistas-do-mundo-inteiro-se-reunem-encontro-de-estudos-africanos\/\" target=\"_self\" rel=\"noopener noreferrer\">Especialistas do mundo inteiro reunidos em Encontro de Estudos Africanos<\/a>\n\t\t\t\t<\/h3>\n\t\t\t\t\t\t\t<\/div>\n\t\t\t\t\t\t<div class=\"uagb-timeline__author\">\n\t\t\t\t<span class=\"dashicons-admin-users dashicons\"><\/span>\n\t\t\t\t<a class=\"uagb-timeline__author-link\" href=\"https:\/\/sites.historia.uff.br\/neaf\/author\/neaf\/\">neaf<\/a>\n\t\t\t<\/div>\n\t\t\t\t\t\t\t<div class=\"uagb-timeline-desc-content\">\n\t\t\t\t| Roquinaldo Ferreira \u00e9 um dos destaques do ciclo de debates que come\u00e7a amanh\u00e3 |&hellip;\t\t\t<\/div>\n\t\t\t\t\t\t<div class=\"uagb-timeline__link_parent\">\n\t\t\t\t<a class=\"uagb-timeline__link\" href=\"https:\/\/sites.historia.uff.br\/neaf\/2024\/11\/26\/especialistas-do-mundo-inteiro-se-reunem-encontro-de-estudos-africanos\/\" target=\"_self\" rel=\" noopener noreferrer\">Leia mais<\/a>\n\t\t\t<\/div>\n\t\t\t\t\t\t\t\t\t\t\t\t<div class = \"uagb-timeline__arrow\"><\/div>\n\t\t\t\t\t\t\t\t<\/div>\n\t\t\t\t\t\t\t<\/div>\n\t\t\t\t\t\t<\/div>\n\t\t\t\t\t<\/div>\n\t\t\t\t\t\t\t\t\t\t\t<div class = \"uagb-timeline__date-new\" >\n\t\t\t\t\t\t\t\t\t\t<div datetime=\"2024-11-26T16:08:56-03:00\" class=\"uagb-timeline__date-new\">novembro 26, 2024<\/div>\n\t\t\t\t\t\t\t\t\t\t<\/div>\n\t\t\t\t\t\t\t\t\t<\/div>\n\t\t\t<\/article>\n\t\t\t\t\t\t<\/div>\n\t\t\t\t\t\t\t\t\t\t<div class = \"uagb-timeline__line\" >\n\t\t\t\t\t\t\t\t<div class = \"uagb-timeline__line__inner\"><\/div>\n\t\t\t\t\t\t\t<\/div>\n\t\t\t\t\t\t<\/div>\n\t\t\t\t\t<\/div>\n\t\t\t\t<\/div>\n\t\t\t<\/div>\n\t\t\t\n\n\n<div class=\"wp-block-columns\">\n<div class=\"wp-block-column\" style=\"flex-basis:100%\">\n<div class=\"wp-block-columns\">\n<div class=\"wp-block-column\" style=\"flex-basis:100%\"><\/div>\n<\/div>\n<\/div>\n<\/div>\n","protected":false},"excerpt":{"rendered":"","protected":false},"author":3,"featured_media":0,"parent":0,"menu_order":0,"comment_status":"closed","ping_status":"closed","template":"","meta":{"neve_meta_sidebar":"","neve_meta_container":"","neve_meta_enable_content_width":"","neve_meta_content_width":0,"neve_meta_title_alignment":"","neve_meta_author_avatar":"","neve_post_elements_order":"","neve_meta_disable_header":"","neve_meta_disable_footer":"","neve_meta_disable_title":""},"acf":[],"yoast_head":"<!-- This site is optimized with the Yoast SEO plugin v19.2 - https:\/\/yoast.com\/wordpress\/plugins\/seo\/ -->\n<title>Not\u00edcias - N\u00facleo de Estudos Africanos<\/title>\n<meta name=\"robots\" content=\"index, follow, max-snippet:-1, max-image-preview:large, max-video-preview:-1\" \/>\n<link rel=\"canonical\" href=\"https:\/\/sites.historia.uff.br\/neaf\/noticias\/\" \/>\n<meta property=\"og:locale\" content=\"pt_BR\" \/>\n<meta property=\"og:type\" content=\"article\" \/>\n<meta property=\"og:title\" content=\"Not\u00edcias - N\u00facleo de Estudos Africanos\" \/>\n<meta property=\"og:url\" content=\"https:\/\/sites.historia.uff.br\/neaf\/noticias\/\" \/>\n<meta property=\"og:site_name\" content=\"N\u00facleo de Estudos Africanos\" \/>\n<meta property=\"article:modified_time\" content=\"2024-11-26T23:27:30+00:00\" \/>\n<meta property=\"og:image\" content=\"https:\/\/sites.historia.uff.br\/neaf\/wp-content\/uploads\/sites\/3\/2024\/11\/Logo_Neaf_Noticias-1024x225.png\" \/>\n<meta name=\"author\" content=\"neaf\" \/>\n<meta name=\"twitter:card\" content=\"summary_large_image\" \/>\n<meta name=\"twitter:label1\" content=\"Est. tempo de leitura\" \/>\n\t<meta name=\"twitter:data1\" content=\"1 minuto\" \/>\n<script type=\"application\/ld+json\" class=\"yoast-schema-graph\">{\"@context\":\"https:\/\/schema.org\",\"@graph\":[{\"@type\":\"WebSite\",\"@id\":\"https:\/\/sites.historia.uff.br\/neaf\/#website\",\"url\":\"https:\/\/sites.historia.uff.br\/neaf\/\",\"name\":\"N\u00facleo de Estudos Africanos\",\"description\":\"Instituto de Hist\u00f3ria da UFF\",\"potentialAction\":[{\"@type\":\"SearchAction\",\"target\":{\"@type\":\"EntryPoint\",\"urlTemplate\":\"https:\/\/sites.historia.uff.br\/neaf\/?s={search_term_string}\"},\"query-input\":\"required name=search_term_string\"}],\"inLanguage\":\"pt-BR\"},{\"@type\":\"ImageObject\",\"inLanguage\":\"pt-BR\",\"@id\":\"https:\/\/sites.historia.uff.br\/neaf\/noticias\/#primaryimage\",\"url\":\"https:\/\/sites.historia.uff.br\/neaf\/wp-content\/uploads\/sites\/3\/2024\/11\/Logo_Neaf_Noticias.png\",\"contentUrl\":\"https:\/\/sites.historia.uff.br\/neaf\/wp-content\/uploads\/sites\/3\/2024\/11\/Logo_Neaf_Noticias.png\",\"width\":1366,\"height\":300},{\"@type\":\"WebPage\",\"@id\":\"https:\/\/sites.historia.uff.br\/neaf\/noticias\/#webpage\",\"url\":\"https:\/\/sites.historia.uff.br\/neaf\/noticias\/\",\"name\":\"Not\u00edcias - N\u00facleo de Estudos Africanos\",\"isPartOf\":{\"@id\":\"https:\/\/sites.historia.uff.br\/neaf\/#website\"},\"primaryImageOfPage\":{\"@id\":\"https:\/\/sites.historia.uff.br\/neaf\/noticias\/#primaryimage\"},\"datePublished\":\"2024-11-26T18:52:33+00:00\",\"dateModified\":\"2024-11-26T23:27:30+00:00\",\"breadcrumb\":{\"@id\":\"https:\/\/sites.historia.uff.br\/neaf\/noticias\/#breadcrumb\"},\"inLanguage\":\"pt-BR\",\"potentialAction\":[{\"@type\":\"ReadAction\",\"target\":[\"https:\/\/sites.historia.uff.br\/neaf\/noticias\/\"]}]},{\"@type\":\"BreadcrumbList\",\"@id\":\"https:\/\/sites.historia.uff.br\/neaf\/noticias\/#breadcrumb\",\"itemListElement\":[{\"@type\":\"ListItem\",\"position\":1,\"name\":\"In\u00edcio\",\"item\":\"https:\/\/sites.historia.uff.br\/neaf\/\"},{\"@type\":\"ListItem\",\"position\":2,\"name\":\"Not\u00edcias\"}]}]}<\/script>\n<!-- \/ Yoast SEO plugin. -->","yoast_head_json":{"title":"Not\u00edcias - N\u00facleo de Estudos Africanos","robots":{"index":"index","follow":"follow","max-snippet":"max-snippet:-1","max-image-preview":"max-image-preview:large","max-video-preview":"max-video-preview:-1"},"canonical":"https:\/\/sites.historia.uff.br\/neaf\/noticias\/","og_locale":"pt_BR","og_type":"article","og_title":"Not\u00edcias - N\u00facleo de Estudos Africanos","og_url":"https:\/\/sites.historia.uff.br\/neaf\/noticias\/","og_site_name":"N\u00facleo de Estudos Africanos","article_modified_time":"2024-11-26T23:27:30+00:00","og_image":[{"url":"https:\/\/sites.historia.uff.br\/neaf\/wp-content\/uploads\/sites\/3\/2024\/11\/Logo_Neaf_Noticias-1024x225.png"}],"author":"neaf","twitter_card":"summary_large_image","twitter_misc":{"Est. tempo de leitura":"1 minuto"},"schema":{"@context":"https:\/\/schema.org","@graph":[{"@type":"WebSite","@id":"https:\/\/sites.historia.uff.br\/neaf\/#website","url":"https:\/\/sites.historia.uff.br\/neaf\/","name":"N\u00facleo de Estudos Africanos","description":"Instituto de Hist\u00f3ria da UFF","potentialAction":[{"@type":"SearchAction","target":{"@type":"EntryPoint","urlTemplate":"https:\/\/sites.historia.uff.br\/neaf\/?s={search_term_string}"},"query-input":"required name=search_term_string"}],"inLanguage":"pt-BR"},{"@type":"ImageObject","inLanguage":"pt-BR","@id":"https:\/\/sites.historia.uff.br\/neaf\/noticias\/#primaryimage","url":"https:\/\/sites.historia.uff.br\/neaf\/wp-content\/uploads\/sites\/3\/2024\/11\/Logo_Neaf_Noticias.png","contentUrl":"https:\/\/sites.historia.uff.br\/neaf\/wp-content\/uploads\/sites\/3\/2024\/11\/Logo_Neaf_Noticias.png","width":1366,"height":300},{"@type":"WebPage","@id":"https:\/\/sites.historia.uff.br\/neaf\/noticias\/#webpage","url":"https:\/\/sites.historia.uff.br\/neaf\/noticias\/","name":"Not\u00edcias - N\u00facleo de Estudos Africanos","isPartOf":{"@id":"https:\/\/sites.historia.uff.br\/neaf\/#website"},"primaryImageOfPage":{"@id":"https:\/\/sites.historia.uff.br\/neaf\/noticias\/#primaryimage"},"datePublished":"2024-11-26T18:52:33+00:00","dateModified":"2024-11-26T23:27:30+00:00","breadcrumb":{"@id":"https:\/\/sites.historia.uff.br\/neaf\/noticias\/#breadcrumb"},"inLanguage":"pt-BR","potentialAction":[{"@type":"ReadAction","target":["https:\/\/sites.historia.uff.br\/neaf\/noticias\/"]}]},{"@type":"BreadcrumbList","@id":"https:\/\/sites.historia.uff.br\/neaf\/noticias\/#breadcrumb","itemListElement":[{"@type":"ListItem","position":1,"name":"In\u00edcio","item":"https:\/\/sites.historia.uff.br\/neaf\/"},{"@type":"ListItem","position":2,"name":"Not\u00edcias"}]}]}},"uagb_featured_image_src":{"full":false,"thumbnail":false,"medium":false,"medium_large":false,"large":false,"1536x1536":false,"2048x2048":false,"neve-blog":false},"uagb_author_info":{"display_name":"neaf","author_link":"https:\/\/sites.historia.uff.br\/neaf\/author\/neaf\/"},"uagb_comment_info":0,"uagb_excerpt":null,"_links":{"self":[{"href":"https:\/\/sites.historia.uff.br\/neaf\/wp-json\/wp\/v2\/pages\/216"}],"collection":[{"href":"https:\/\/sites.historia.uff.br\/neaf\/wp-json\/wp\/v2\/pages"}],"about":[{"href":"https:\/\/sites.historia.uff.br\/neaf\/wp-json\/wp\/v2\/types\/page"}],"author":[{"embeddable":true,"href":"https:\/\/sites.historia.uff.br\/neaf\/wp-json\/wp\/v2\/users\/3"}],"replies":[{"embeddable":true,"href":"https:\/\/sites.historia.uff.br\/neaf\/wp-json\/wp\/v2\/comments?post=216"}],"version-history":[{"count":8,"href":"https:\/\/sites.historia.uff.br\/neaf\/wp-json\/wp\/v2\/pages\/216\/revisions"}],"predecessor-version":[{"id":289,"href":"https:\/\/sites.historia.uff.br\/neaf\/wp-json\/wp\/v2\/pages\/216\/revisions\/289"}],"wp:attachment":[{"href":"https:\/\/sites.historia.uff.br\/neaf\/wp-json\/wp\/v2\/media?parent=216"}],"curies":[{"name":"wp","href":"https:\/\/api.w.org\/{rel}","templated":true}]}}