{"id":281,"date":"2024-11-26T17:50:27","date_gmt":"2024-11-26T20:50:27","guid":{"rendered":"https:\/\/sites.historia.uff.br\/neaf\/?page_id=281"},"modified":"2024-11-26T18:02:54","modified_gmt":"2024-11-26T21:02:54","slug":"contato","status":"publish","type":"page","link":"https:\/\/sites.historia.uff.br\/neaf\/contato\/","title":{"rendered":"Contato"},"content":{"rendered":"\n<figure class=\"wp-block-image alignfull size-large\"><img loading=\"lazy\" width=\"1024\" height=\"225\" src=\"https:\/\/sites.historia.uff.br\/neaf\/wp-content\/uploads\/sites\/3\/2024\/11\/Logo_Neaf_Contato-1024x225.png\" alt=\"\" class=\"wp-image-282\" srcset=\"https:\/\/sites.historia.uff.br\/neaf\/wp-content\/uploads\/sites\/3\/2024\/11\/Logo_Neaf_Contato-1024x225.png 1024w, https:\/\/sites.historia.uff.br\/neaf\/wp-content\/uploads\/sites\/3\/2024\/11\/Logo_Neaf_Contato-300x66.png 300w, https:\/\/sites.historia.uff.br\/neaf\/wp-content\/uploads\/sites\/3\/2024\/11\/Logo_Neaf_Contato-768x169.png 768w, https:\/\/sites.historia.uff.br\/neaf\/wp-content\/uploads\/sites\/3\/2024\/11\/Logo_Neaf_Contato.png 1366w\" sizes=\"(max-width: 1024px) 100vw, 1024px\" \/><\/figure>\n\n\n\n<div class=\"wp-block-columns\">\n<div class=\"wp-block-column\" style=\"flex-basis:100%\">\n<div class=\"wp-block-columns\">\n<div class=\"wp-block-column\" style=\"flex-basis:100%\">\n<div class=\"wp-block-columns\">\n<div class=\"wp-block-column\" style=\"flex-basis:66.66%\">\n<ul class=\"wp-container-1 wp-block-social-links\">\n\n\n\n\n\n<\/ul>\n\n\n\n<p><strong>N\u00facleo de Estudos Africanos<\/strong> | Instituto de Hist\u00f3ria, Bloco O, sala 414, Campus do Gragoat\u00e1 | S\u00e3o Domingos, Niter\u00f3i, RJ | Brasil<\/p>\n\n\n\n<ul><li><strong>Alexandre Gebara<\/strong>: algebara@id.uff.br<\/li><li><strong>Felipe Paiva:<\/strong> felipepaiva@id.uff.br<\/li><li><strong>Marcelo Bittencourt:<\/strong> marcelo216@gmail.com<\/li><\/ul>\n\n\n\n<p><\/p>\n\n\n\n<p><\/p>\n<\/div>\n\n\n\n<div class=\"wp-block-column\" style=\"flex-basis:33.33%\">\n<figure class=\"wp-block-image size-full is-resized\"><img loading=\"lazy\" src=\"https:\/\/sites.historia.uff.br\/neaf\/wp-content\/uploads\/sites\/3\/2024\/11\/1.Logo_Neaf_Cor1-1.png\" alt=\"\" class=\"wp-image-41\" width=\"475\" height=\"203\" srcset=\"https:\/\/sites.historia.uff.br\/neaf\/wp-content\/uploads\/sites\/3\/2024\/11\/1.Logo_Neaf_Cor1-1.png 827w, https:\/\/sites.historia.uff.br\/neaf\/wp-content\/uploads\/sites\/3\/2024\/11\/1.Logo_Neaf_Cor1-1-300x128.png 300w, https:\/\/sites.historia.uff.br\/neaf\/wp-content\/uploads\/sites\/3\/2024\/11\/1.Logo_Neaf_Cor1-1-768x329.png 768w\" sizes=\"(max-width: 475px) 100vw, 475px\" \/><\/figure>\n<\/div>\n<\/div>\n<\/div>\n<\/div>\n<\/div>\n<\/div>\n","protected":false},"excerpt":{"rendered":"<p>N\u00facleo de Estudos Africanos | Instituto de Hist\u00f3ria, Bloco O, sala 414, Campus do Gragoat\u00e1 | S\u00e3o Domingos, Niter\u00f3i, RJ | Brasil Alexandre Gebara: algebara@id.uff.br Felipe Paiva: felipepaiva@id.uff.br Marcelo Bittencourt: marcelo216@gmail.com<\/p>\n","protected":false},"author":3,"featured_media":0,"parent":0,"menu_order":0,"comment_status":"closed","ping_status":"closed","template":"","meta":{"neve_meta_sidebar":"","neve_meta_container":"","neve_meta_enable_content_width":"","neve_meta_content_width":0,"neve_meta_title_alignment":"","neve_meta_author_avatar":"","neve_post_elements_order":"","neve_meta_disable_header":"","neve_meta_disable_footer":"","neve_meta_disable_title":""},"acf":[],"yoast_head":"<!-- This site is optimized with the Yoast SEO plugin v19.2 - https:\/\/yoast.com\/wordpress\/plugins\/seo\/ -->\n<title>Contato - N\u00facleo de Estudos Africanos<\/title>\n<meta name=\"robots\" content=\"index, follow, max-snippet:-1, max-image-preview:large, max-video-preview:-1\" \/>\n<link rel=\"canonical\" href=\"https:\/\/sites.historia.uff.br\/neaf\/contato\/\" \/>\n<meta property=\"og:locale\" content=\"pt_BR\" \/>\n<meta property=\"og:type\" content=\"article\" \/>\n<meta property=\"og:title\" content=\"Contato - N\u00facleo de Estudos Africanos\" \/>\n<meta property=\"og:description\" content=\"N\u00facleo de Estudos Africanos | Instituto de Hist\u00f3ria, Bloco O, sala 414, Campus do Gragoat\u00e1 | S\u00e3o Domingos, Niter\u00f3i, RJ | Brasil Alexandre Gebara: algebara@id.uff.br Felipe Paiva: felipepaiva@id.uff.br Marcelo Bittencourt: marcelo216@gmail.com\" \/>\n<meta property=\"og:url\" content=\"https:\/\/sites.historia.uff.br\/neaf\/contato\/\" \/>\n<meta property=\"og:site_name\" content=\"N\u00facleo de Estudos Africanos\" \/>\n<meta property=\"article:modified_time\" content=\"2024-11-26T21:02:54+00:00\" \/>\n<meta property=\"og:image\" content=\"https:\/\/sites.historia.uff.br\/neaf\/wp-content\/uploads\/sites\/3\/2024\/11\/Logo_Neaf_Contato-1024x225.png\" \/>\n<meta name=\"author\" content=\"neaf\" \/>\n<meta name=\"twitter:card\" content=\"summary_large_image\" \/>\n<meta name=\"twitter:label1\" content=\"Est. tempo de leitura\" \/>\n\t<meta name=\"twitter:data1\" content=\"1 minuto\" \/>\n<script type=\"application\/ld+json\" class=\"yoast-schema-graph\">{\"@context\":\"https:\/\/schema.org\",\"@graph\":[{\"@type\":\"WebSite\",\"@id\":\"https:\/\/sites.historia.uff.br\/neaf\/#website\",\"url\":\"https:\/\/sites.historia.uff.br\/neaf\/\",\"name\":\"N\u00facleo de Estudos Africanos\",\"description\":\"Instituto de Hist\u00f3ria da UFF\",\"potentialAction\":[{\"@type\":\"SearchAction\",\"target\":{\"@type\":\"EntryPoint\",\"urlTemplate\":\"https:\/\/sites.historia.uff.br\/neaf\/?s={search_term_string}\"},\"query-input\":\"required name=search_term_string\"}],\"inLanguage\":\"pt-BR\"},{\"@type\":\"ImageObject\",\"inLanguage\":\"pt-BR\",\"@id\":\"https:\/\/sites.historia.uff.br\/neaf\/contato\/#primaryimage\",\"url\":\"https:\/\/sites.historia.uff.br\/neaf\/wp-content\/uploads\/sites\/3\/2024\/11\/Logo_Neaf_Contato.png\",\"contentUrl\":\"https:\/\/sites.historia.uff.br\/neaf\/wp-content\/uploads\/sites\/3\/2024\/11\/Logo_Neaf_Contato.png\",\"width\":1366,\"height\":300},{\"@type\":\"WebPage\",\"@id\":\"https:\/\/sites.historia.uff.br\/neaf\/contato\/#webpage\",\"url\":\"https:\/\/sites.historia.uff.br\/neaf\/contato\/\",\"name\":\"Contato - N\u00facleo de Estudos Africanos\",\"isPartOf\":{\"@id\":\"https:\/\/sites.historia.uff.br\/neaf\/#website\"},\"primaryImageOfPage\":{\"@id\":\"https:\/\/sites.historia.uff.br\/neaf\/contato\/#primaryimage\"},\"datePublished\":\"2024-11-26T20:50:27+00:00\",\"dateModified\":\"2024-11-26T21:02:54+00:00\",\"breadcrumb\":{\"@id\":\"https:\/\/sites.historia.uff.br\/neaf\/contato\/#breadcrumb\"},\"inLanguage\":\"pt-BR\",\"potentialAction\":[{\"@type\":\"ReadAction\",\"target\":[\"https:\/\/sites.historia.uff.br\/neaf\/contato\/\"]}]},{\"@type\":\"BreadcrumbList\",\"@id\":\"https:\/\/sites.historia.uff.br\/neaf\/contato\/#breadcrumb\",\"itemListElement\":[{\"@type\":\"ListItem\",\"position\":1,\"name\":\"In\u00edcio\",\"item\":\"https:\/\/sites.historia.uff.br\/neaf\/\"},{\"@type\":\"ListItem\",\"position\":2,\"name\":\"Contato\"}]}]}<\/script>\n<!-- \/ Yoast SEO plugin. -->","yoast_head_json":{"title":"Contato - N\u00facleo de Estudos Africanos","robots":{"index":"index","follow":"follow","max-snippet":"max-snippet:-1","max-image-preview":"max-image-preview:large","max-video-preview":"max-video-preview:-1"},"canonical":"https:\/\/sites.historia.uff.br\/neaf\/contato\/","og_locale":"pt_BR","og_type":"article","og_title":"Contato - N\u00facleo de Estudos Africanos","og_description":"N\u00facleo de Estudos Africanos | Instituto de Hist\u00f3ria, Bloco O, sala 414, Campus do Gragoat\u00e1 | S\u00e3o Domingos, Niter\u00f3i, RJ | Brasil Alexandre Gebara: algebara@id.uff.br Felipe Paiva: felipepaiva@id.uff.br Marcelo Bittencourt: marcelo216@gmail.com","og_url":"https:\/\/sites.historia.uff.br\/neaf\/contato\/","og_site_name":"N\u00facleo de Estudos Africanos","article_modified_time":"2024-11-26T21:02:54+00:00","og_image":[{"url":"https:\/\/sites.historia.uff.br\/neaf\/wp-content\/uploads\/sites\/3\/2024\/11\/Logo_Neaf_Contato-1024x225.png"}],"author":"neaf","twitter_card":"summary_large_image","twitter_misc":{"Est. tempo de leitura":"1 minuto"},"schema":{"@context":"https:\/\/schema.org","@graph":[{"@type":"WebSite","@id":"https:\/\/sites.historia.uff.br\/neaf\/#website","url":"https:\/\/sites.historia.uff.br\/neaf\/","name":"N\u00facleo de Estudos Africanos","description":"Instituto de Hist\u00f3ria da UFF","potentialAction":[{"@type":"SearchAction","target":{"@type":"EntryPoint","urlTemplate":"https:\/\/sites.historia.uff.br\/neaf\/?s={search_term_string}"},"query-input":"required name=search_term_string"}],"inLanguage":"pt-BR"},{"@type":"ImageObject","inLanguage":"pt-BR","@id":"https:\/\/sites.historia.uff.br\/neaf\/contato\/#primaryimage","url":"https:\/\/sites.historia.uff.br\/neaf\/wp-content\/uploads\/sites\/3\/2024\/11\/Logo_Neaf_Contato.png","contentUrl":"https:\/\/sites.historia.uff.br\/neaf\/wp-content\/uploads\/sites\/3\/2024\/11\/Logo_Neaf_Contato.png","width":1366,"height":300},{"@type":"WebPage","@id":"https:\/\/sites.historia.uff.br\/neaf\/contato\/#webpage","url":"https:\/\/sites.historia.uff.br\/neaf\/contato\/","name":"Contato - N\u00facleo de Estudos Africanos","isPartOf":{"@id":"https:\/\/sites.historia.uff.br\/neaf\/#website"},"primaryImageOfPage":{"@id":"https:\/\/sites.historia.uff.br\/neaf\/contato\/#primaryimage"},"datePublished":"2024-11-26T20:50:27+00:00","dateModified":"2024-11-26T21:02:54+00:00","breadcrumb":{"@id":"https:\/\/sites.historia.uff.br\/neaf\/contato\/#breadcrumb"},"inLanguage":"pt-BR","potentialAction":[{"@type":"ReadAction","target":["https:\/\/sites.historia.uff.br\/neaf\/contato\/"]}]},{"@type":"BreadcrumbList","@id":"https:\/\/sites.historia.uff.br\/neaf\/contato\/#breadcrumb","itemListElement":[{"@type":"ListItem","position":1,"name":"In\u00edcio","item":"https:\/\/sites.historia.uff.br\/neaf\/"},{"@type":"ListItem","position":2,"name":"Contato"}]}]}},"uagb_featured_image_src":{"full":false,"thumbnail":false,"medium":false,"medium_large":false,"large":false,"1536x1536":false,"2048x2048":false,"neve-blog":false},"uagb_author_info":{"display_name":"neaf","author_link":"https:\/\/sites.historia.uff.br\/neaf\/author\/neaf\/"},"uagb_comment_info":0,"uagb_excerpt":"N\u00facleo de Estudos Africanos | Instituto de Hist\u00f3ria, Bloco O, sala 414, Campus do Gragoat\u00e1 | S\u00e3o Domingos, Niter\u00f3i, RJ | Brasil Alexandre Gebara: algebara@id.uff.br Felipe Paiva: felipepaiva@id.uff.br Marcelo Bittencourt: marcelo216@gmail.com","_links":{"self":[{"href":"https:\/\/sites.historia.uff.br\/neaf\/wp-json\/wp\/v2\/pages\/281"}],"collection":[{"href":"https:\/\/sites.historia.uff.br\/neaf\/wp-json\/wp\/v2\/pages"}],"about":[{"href":"https:\/\/sites.historia.uff.br\/neaf\/wp-json\/wp\/v2\/types\/page"}],"author":[{"embeddable":true,"href":"https:\/\/sites.historia.uff.br\/neaf\/wp-json\/wp\/v2\/users\/3"}],"replies":[{"embeddable":true,"href":"https:\/\/sites.historia.uff.br\/neaf\/wp-json\/wp\/v2\/comments?post=281"}],"version-history":[{"count":3,"href":"https:\/\/sites.historia.uff.br\/neaf\/wp-json\/wp\/v2\/pages\/281\/revisions"}],"predecessor-version":[{"id":287,"href":"https:\/\/sites.historia.uff.br\/neaf\/wp-json\/wp\/v2\/pages\/281\/revisions\/287"}],"wp:attachment":[{"href":"https:\/\/sites.historia.uff.br\/neaf\/wp-json\/wp\/v2\/media?parent=281"}],"curies":[{"name":"wp","href":"https:\/\/api.w.org\/{rel}","templated":true}]}}