{"id":86,"date":"2024-11-26T04:23:42","date_gmt":"2024-11-26T07:23:42","guid":{"rendered":"https:\/\/sites.historia.uff.br\/neaf\/?page_id=86"},"modified":"2024-11-26T13:10:25","modified_gmt":"2024-11-26T16:10:25","slug":"neaf","status":"publish","type":"page","link":"https:\/\/sites.historia.uff.br\/neaf\/","title":{"rendered":"NEAF"},"content":{"rendered":"\n<p><\/p>\n\n\n\n<p>O N\u00facleo de Estudos Africanos \u00e9 um espa\u00e7o de debate que tem a divulga\u00e7\u00e3o e o est\u00edmulo \u00e0 produ\u00e7\u00e3o de conhecimento e \u00e0s pr\u00e1ticas de ensino sobre a \u00c1frica e suas di\u00e1sporas como princ\u00edpios basilares.<\/p>\n\n\n\n<p>Criado como N\u00facleo de Estudos \u00c1frica-Brasil, pela professora Laura Padilha, no departamento de Letras da Universidade Federal Fluminense, o NEAF passou a incorporar os professores e pesquisadores da Hist\u00f3ria e de outras disciplinas desde meados dos anos 2000. Ao final dessa d\u00e9cada, passa a se chamar N\u00facleo de Estudos Africanos, ampliando a voca\u00e7\u00e3o multidisciplinar e buscando estabelecer debates e di\u00e1logos com outras \u00e1reas.<\/p>\n\n\n\n<p>Com o aux\u00edlio do Instituto de Hist\u00f3ria e do Programa de P\u00f3s-Gradua\u00e7\u00e3o em Hist\u00f3ria da UFF, organizou diversos encontros internacionais de estudos africanos (2009, 2010, 2011, 2012, 2014, 2016, 2024). Os eventos s\u00e3o concebidos como forma de estimular o debate e a troca de informa\u00e7\u00f5es entre pesquisadores vinculados \u00e0s tem\u00e1ticas africanas de v\u00e1rias \u00e1reas do conhecimento, notadamente hist\u00f3ria, antropologia e literatura.<\/p>\n\n\n\n<p>A hist\u00f3ria dos encontros coincide com o per\u00edodo de amplia\u00e7\u00e3o acelerada e qualificada dos estudos africanos no Brasil \u2013 derivados tamb\u00e9m do funcionamento da lei 10639\/2003. Al\u00e9m de pesquisadoras e pesquisadores brasileiros de diversas regi\u00f5es, acad\u00eamicos de alcance internacional, como Elis\u00e9e Soumonni, Tereza Cruz e Silva, Alberto da Costa e Silva, Joseph Miller, Catarina Madeira Santos, Jean Michael Mabeko Tali, Paul Lovejoy, Augusto Nascimento, Eug\u00eania Rodrigues, Mariana C\u00e2ndido, Roquinaldo Ferreira, Mariza Soares, Paulo Farias, Rita Chaves, Jos\u00e9 Luis Caba\u00e7o, Daniel Barros Domingues da Silva, entre outros, j\u00e1 passaram pelo NEAF, consolidando o n\u00facleo como um f\u00f3rum permanente de discuss\u00e3o de temas relativos \u00e0 Hist\u00f3ria da \u00c1frica. Discuss\u00f5es potentes e qualificadas, que tiveram e continuam tendo impacto significativo no campo no Brasil.<\/p>\n","protected":false},"excerpt":{"rendered":"<p>O N\u00facleo de Estudos Africanos \u00e9 um espa\u00e7o de debate que tem a divulga\u00e7\u00e3o e o est\u00edmulo \u00e0 produ\u00e7\u00e3o de conhecimento e \u00e0s pr\u00e1ticas de ensino sobre a \u00c1frica e suas di\u00e1sporas como princ\u00edpios basilares. Criado como N\u00facleo de Estudos \u00c1frica-Brasil, pela professora Laura Padilha, no departamento de Letras da Universidade Federal Fluminense, o NEAF&hellip;&nbsp;<a href=\"https:\/\/sites.historia.uff.br\/neaf\/\" class=\"\" rel=\"bookmark\">Continue a ler &raquo;<span class=\"screen-reader-text\">NEAF<\/span><\/a><\/p>\n","protected":false},"author":3,"featured_media":0,"parent":0,"menu_order":0,"comment_status":"closed","ping_status":"open","template":"","meta":{"neve_meta_sidebar":"","neve_meta_container":"","neve_meta_enable_content_width":"","neve_meta_content_width":0,"neve_meta_title_alignment":"","neve_meta_author_avatar":"","neve_post_elements_order":"","neve_meta_disable_header":"","neve_meta_disable_footer":"","neve_meta_disable_title":"on"},"acf":[],"yoast_head":"<!-- This site is optimized with the Yoast SEO plugin v19.2 - https:\/\/yoast.com\/wordpress\/plugins\/seo\/ -->\n<title>NEAF - N\u00facleo de Estudos Africanos<\/title>\n<meta name=\"robots\" content=\"index, follow, max-snippet:-1, max-image-preview:large, max-video-preview:-1\" \/>\n<link rel=\"canonical\" href=\"https:\/\/sites.historia.uff.br\/neaf\/\" \/>\n<meta property=\"og:locale\" content=\"pt_BR\" \/>\n<meta property=\"og:type\" content=\"article\" \/>\n<meta property=\"og:title\" content=\"NEAF - N\u00facleo de Estudos Africanos\" \/>\n<meta property=\"og:description\" content=\"O N\u00facleo de Estudos Africanos \u00e9 um espa\u00e7o de debate que tem a divulga\u00e7\u00e3o e o est\u00edmulo \u00e0 produ\u00e7\u00e3o de conhecimento e \u00e0s pr\u00e1ticas de ensino sobre a \u00c1frica e suas di\u00e1sporas como princ\u00edpios basilares. Criado como N\u00facleo de Estudos \u00c1frica-Brasil, pela professora Laura Padilha, no departamento de Letras da Universidade Federal Fluminense, o NEAF&hellip;&nbsp;Continue a ler &raquo;NEAF\" \/>\n<meta property=\"og:url\" content=\"https:\/\/sites.historia.uff.br\/neaf\/\" \/>\n<meta property=\"og:site_name\" content=\"N\u00facleo de Estudos Africanos\" \/>\n<meta property=\"article:modified_time\" content=\"2024-11-26T16:10:25+00:00\" \/>\n<meta name=\"author\" content=\"neaf\" \/>\n<meta name=\"twitter:card\" content=\"summary_large_image\" \/>\n<meta name=\"twitter:label1\" content=\"Est. tempo de leitura\" \/>\n\t<meta name=\"twitter:data1\" content=\"2 minutos\" \/>\n<script type=\"application\/ld+json\" class=\"yoast-schema-graph\">{\"@context\":\"https:\/\/schema.org\",\"@graph\":[{\"@type\":\"WebSite\",\"@id\":\"https:\/\/sites.historia.uff.br\/neaf\/#website\",\"url\":\"https:\/\/sites.historia.uff.br\/neaf\/\",\"name\":\"N\u00facleo de Estudos Africanos\",\"description\":\"Instituto de Hist\u00f3ria da UFF\",\"potentialAction\":[{\"@type\":\"SearchAction\",\"target\":{\"@type\":\"EntryPoint\",\"urlTemplate\":\"https:\/\/sites.historia.uff.br\/neaf\/?s={search_term_string}\"},\"query-input\":\"required name=search_term_string\"}],\"inLanguage\":\"pt-BR\"},{\"@type\":\"WebPage\",\"@id\":\"https:\/\/sites.historia.uff.br\/neaf\/#webpage\",\"url\":\"https:\/\/sites.historia.uff.br\/neaf\/\",\"name\":\"NEAF - N\u00facleo de Estudos Africanos\",\"isPartOf\":{\"@id\":\"https:\/\/sites.historia.uff.br\/neaf\/#website\"},\"datePublished\":\"2024-11-26T07:23:42+00:00\",\"dateModified\":\"2024-11-26T16:10:25+00:00\",\"breadcrumb\":{\"@id\":\"https:\/\/sites.historia.uff.br\/neaf\/#breadcrumb\"},\"inLanguage\":\"pt-BR\",\"potentialAction\":[{\"@type\":\"ReadAction\",\"target\":[\"https:\/\/sites.historia.uff.br\/neaf\/\"]}]},{\"@type\":\"BreadcrumbList\",\"@id\":\"https:\/\/sites.historia.uff.br\/neaf\/#breadcrumb\",\"itemListElement\":[{\"@type\":\"ListItem\",\"position\":1,\"name\":\"In\u00edcio\",\"item\":\"https:\/\/sites.historia.uff.br\/neaf\/\"},{\"@type\":\"ListItem\",\"position\":2,\"name\":\"NEAF\"}]}]}<\/script>\n<!-- \/ Yoast SEO plugin. -->","yoast_head_json":{"title":"NEAF - N\u00facleo de Estudos Africanos","robots":{"index":"index","follow":"follow","max-snippet":"max-snippet:-1","max-image-preview":"max-image-preview:large","max-video-preview":"max-video-preview:-1"},"canonical":"https:\/\/sites.historia.uff.br\/neaf\/","og_locale":"pt_BR","og_type":"article","og_title":"NEAF - N\u00facleo de Estudos Africanos","og_description":"O N\u00facleo de Estudos Africanos \u00e9 um espa\u00e7o de debate que tem a divulga\u00e7\u00e3o e o est\u00edmulo \u00e0 produ\u00e7\u00e3o de conhecimento e \u00e0s pr\u00e1ticas de ensino sobre a \u00c1frica e suas di\u00e1sporas como princ\u00edpios basilares. Criado como N\u00facleo de Estudos \u00c1frica-Brasil, pela professora Laura Padilha, no departamento de Letras da Universidade Federal Fluminense, o NEAF&hellip;&nbsp;Continue a ler &raquo;NEAF","og_url":"https:\/\/sites.historia.uff.br\/neaf\/","og_site_name":"N\u00facleo de Estudos Africanos","article_modified_time":"2024-11-26T16:10:25+00:00","author":"neaf","twitter_card":"summary_large_image","twitter_misc":{"Est. tempo de leitura":"2 minutos"},"schema":{"@context":"https:\/\/schema.org","@graph":[{"@type":"WebSite","@id":"https:\/\/sites.historia.uff.br\/neaf\/#website","url":"https:\/\/sites.historia.uff.br\/neaf\/","name":"N\u00facleo de Estudos Africanos","description":"Instituto de Hist\u00f3ria da UFF","potentialAction":[{"@type":"SearchAction","target":{"@type":"EntryPoint","urlTemplate":"https:\/\/sites.historia.uff.br\/neaf\/?s={search_term_string}"},"query-input":"required name=search_term_string"}],"inLanguage":"pt-BR"},{"@type":"WebPage","@id":"https:\/\/sites.historia.uff.br\/neaf\/#webpage","url":"https:\/\/sites.historia.uff.br\/neaf\/","name":"NEAF - N\u00facleo de Estudos Africanos","isPartOf":{"@id":"https:\/\/sites.historia.uff.br\/neaf\/#website"},"datePublished":"2024-11-26T07:23:42+00:00","dateModified":"2024-11-26T16:10:25+00:00","breadcrumb":{"@id":"https:\/\/sites.historia.uff.br\/neaf\/#breadcrumb"},"inLanguage":"pt-BR","potentialAction":[{"@type":"ReadAction","target":["https:\/\/sites.historia.uff.br\/neaf\/"]}]},{"@type":"BreadcrumbList","@id":"https:\/\/sites.historia.uff.br\/neaf\/#breadcrumb","itemListElement":[{"@type":"ListItem","position":1,"name":"In\u00edcio","item":"https:\/\/sites.historia.uff.br\/neaf\/"},{"@type":"ListItem","position":2,"name":"NEAF"}]}]}},"uagb_featured_image_src":{"full":false,"thumbnail":false,"medium":false,"medium_large":false,"large":false,"1536x1536":false,"2048x2048":false,"neve-blog":false},"uagb_author_info":{"display_name":"neaf","author_link":"https:\/\/sites.historia.uff.br\/neaf\/author\/neaf\/"},"uagb_comment_info":0,"uagb_excerpt":"O N\u00facleo de Estudos Africanos \u00e9 um espa\u00e7o de debate que tem a divulga\u00e7\u00e3o e o est\u00edmulo \u00e0 produ\u00e7\u00e3o de conhecimento e \u00e0s pr\u00e1ticas de ensino sobre a \u00c1frica e suas di\u00e1sporas como princ\u00edpios basilares. Criado como N\u00facleo de Estudos \u00c1frica-Brasil, pela professora Laura Padilha, no departamento de Letras da Universidade Federal Fluminense, o NEAF&hellip;&nbsp;Continue&hellip;","_links":{"self":[{"href":"https:\/\/sites.historia.uff.br\/neaf\/wp-json\/wp\/v2\/pages\/86"}],"collection":[{"href":"https:\/\/sites.historia.uff.br\/neaf\/wp-json\/wp\/v2\/pages"}],"about":[{"href":"https:\/\/sites.historia.uff.br\/neaf\/wp-json\/wp\/v2\/types\/page"}],"author":[{"embeddable":true,"href":"https:\/\/sites.historia.uff.br\/neaf\/wp-json\/wp\/v2\/users\/3"}],"replies":[{"embeddable":true,"href":"https:\/\/sites.historia.uff.br\/neaf\/wp-json\/wp\/v2\/comments?post=86"}],"version-history":[{"count":3,"href":"https:\/\/sites.historia.uff.br\/neaf\/wp-json\/wp\/v2\/pages\/86\/revisions"}],"predecessor-version":[{"id":151,"href":"https:\/\/sites.historia.uff.br\/neaf\/wp-json\/wp\/v2\/pages\/86\/revisions\/151"}],"wp:attachment":[{"href":"https:\/\/sites.historia.uff.br\/neaf\/wp-json\/wp\/v2\/media?parent=86"}],"curies":[{"name":"wp","href":"https:\/\/api.w.org\/{rel}","templated":true}]}}