{"id":2,"date":"2022-05-11T17:01:39","date_gmt":"2022-05-11T20:01:39","guid":{"rendered":"https:\/\/sites.historia.uff.br\/profhistoria\/?page_id=2"},"modified":"2023-10-02T10:01:44","modified_gmt":"2023-10-02T13:01:44","slug":"pagina-exemplo","status":"publish","type":"page","link":"https:\/\/sites.historia.uff.br\/profhistoria\/","title":{"rendered":"In\u00edcio"},"content":{"rendered":"\n<div class=\"wp-block-columns has-base-3-color has-nv-dark-bg-background-color has-text-color has-background\">\n<div class=\"wp-block-column is-vertically-aligned-center has-nv-text-dark-bg-color has-text-color\" style=\"flex-basis:100%\">\n<div class=\"wp-block-columns are-vertically-aligned-center\">\n<div class=\"wp-block-column is-vertically-aligned-center\">\n<div class=\"wp-block-image\"><figure class=\"aligncenter size-full\"><img loading=\"lazy\" width=\"250\" height=\"229\" src=\"https:\/\/sites.historia.uff.br\/profhistoria\/wp-content\/uploads\/sites\/5\/2022\/09\/logo_cor.jpg\" alt=\"\" class=\"wp-image-5\"\/><\/figure><\/div>\n<\/div>\n\n\n\n<div class=\"wp-block-column is-vertically-aligned-center\">\n<p class=\"has-text-align-center\">O\u00a0<strong>PROFHIST\u00d3RIA<\/strong>\u00a0\u00e9 um programa de p\u00f3s-gradua\u00e7\u00e3o stricto sensu em Ensino de Hist\u00f3ria, reconhecido pela Coordena\u00e7\u00e3o de Aperfei\u00e7oamento de Pessoal de N\u00edvel Superior (CAPES) com conceito 5 (cinco). Coordenado em \u00e2mbito nacional pela Universidade Federal do Rio de Janeiro, tem como objetivo proporcionar forma\u00e7\u00e3o continuada aos docentes de Hist\u00f3ria da Educa\u00e7\u00e3o B\u00e1sica, contribuindo para a melhoria da qualidade do ensino e visando dar ao egresso qualifica\u00e7\u00e3o certificada para o exerc\u00edcio da profiss\u00e3o de professor de Hist\u00f3ria.<\/p>\n\n\n\n<p class=\"has-text-align-center\">A <strong>Universidade Federal Fluminense<\/strong> integra a Rede Nacional do PROFHIST\u00d3RIA, atrav\u00e9s de sua Coordena\u00e7\u00e3o Local, desde 2014.<\/p>\n\n\n\n<p class=\"has-text-align-center\">O curso \u00e9 gratuito e o acesso se realiza por meio de Exame Nacional.<\/p>\n<\/div>\n<\/div>\n<\/div>\n<\/div>\n","protected":false},"excerpt":{"rendered":"<p>O\u00a0PROFHIST\u00d3RIA\u00a0\u00e9 um programa de p\u00f3s-gradua\u00e7\u00e3o stricto sensu em Ensino de Hist\u00f3ria, reconhecido pela Coordena\u00e7\u00e3o de Aperfei\u00e7oamento de Pessoal de N\u00edvel Superior (CAPES) com conceito 5 (cinco). Coordenado em \u00e2mbito nacional pela Universidade Federal do Rio de Janeiro, tem como objetivo proporcionar forma\u00e7\u00e3o continuada aos docentes de Hist\u00f3ria da Educa\u00e7\u00e3o B\u00e1sica, contribuindo para a melhoria da&hellip;&nbsp;<a href=\"https:\/\/sites.historia.uff.br\/profhistoria\/\" class=\"\" rel=\"bookmark\">Continue a ler &raquo;<span class=\"screen-reader-text\">In\u00edcio<\/span><\/a><\/p>\n","protected":false},"author":5,"featured_media":0,"parent":0,"menu_order":0,"comment_status":"closed","ping_status":"open","template":"","meta":{"neve_meta_sidebar":"","neve_meta_container":"","neve_meta_enable_content_width":"","neve_meta_content_width":0,"neve_meta_title_alignment":"","neve_meta_author_avatar":"","neve_post_elements_order":"","neve_meta_disable_header":"","neve_meta_disable_footer":"","neve_meta_disable_title":"on"},"acf":[],"yoast_head":"<!-- This site is optimized with the Yoast SEO plugin v19.2 - https:\/\/yoast.com\/wordpress\/plugins\/seo\/ -->\n<title>In\u00edcio - Mestrado Profissional em Ensino de Hist\u00f3ria<\/title>\n<meta name=\"robots\" content=\"index, follow, max-snippet:-1, max-image-preview:large, max-video-preview:-1\" \/>\n<link rel=\"canonical\" href=\"https:\/\/sites.historia.uff.br\/profhistoria\/\" \/>\n<meta property=\"og:locale\" content=\"pt_BR\" \/>\n<meta property=\"og:type\" content=\"article\" \/>\n<meta property=\"og:title\" content=\"In\u00edcio - Mestrado Profissional em Ensino de Hist\u00f3ria\" \/>\n<meta property=\"og:description\" content=\"O\u00a0PROFHIST\u00d3RIA\u00a0\u00e9 um programa de p\u00f3s-gradua\u00e7\u00e3o stricto sensu em Ensino de Hist\u00f3ria, reconhecido pela Coordena\u00e7\u00e3o de Aperfei\u00e7oamento de Pessoal de N\u00edvel Superior (CAPES) com conceito 5 (cinco). Coordenado em \u00e2mbito nacional pela Universidade Federal do Rio de Janeiro, tem como objetivo proporcionar forma\u00e7\u00e3o continuada aos docentes de Hist\u00f3ria da Educa\u00e7\u00e3o B\u00e1sica, contribuindo para a melhoria da&hellip;&nbsp;Continue a ler &raquo;In\u00edcio\" \/>\n<meta property=\"og:url\" content=\"https:\/\/sites.historia.uff.br\/profhistoria\/\" \/>\n<meta property=\"og:site_name\" content=\"Mestrado Profissional em Ensino de Hist\u00f3ria\" \/>\n<meta property=\"article:modified_time\" content=\"2023-10-02T13:01:44+00:00\" \/>\n<meta property=\"og:image\" content=\"https:\/\/sites.historia.uff.br\/profhistoria\/wp-content\/uploads\/sites\/5\/2022\/09\/logo_cor.jpg\" \/>\n<meta name=\"author\" content=\"profhistoria\" \/>\n<meta name=\"twitter:card\" content=\"summary_large_image\" \/>\n<meta name=\"twitter:label1\" content=\"Est. tempo de leitura\" \/>\n\t<meta name=\"twitter:data1\" content=\"1 minuto\" \/>\n<script type=\"application\/ld+json\" class=\"yoast-schema-graph\">{\"@context\":\"https:\/\/schema.org\",\"@graph\":[{\"@type\":\"WebSite\",\"@id\":\"https:\/\/sites.historia.uff.br\/profhistoria\/#website\",\"url\":\"https:\/\/sites.historia.uff.br\/profhistoria\/\",\"name\":\"Mestrado Profissional em Ensino de Hist\u00f3ria\",\"description\":\"S\u00f3 mais um site Site Labs Hist\u00f3ria\",\"potentialAction\":[{\"@type\":\"SearchAction\",\"target\":{\"@type\":\"EntryPoint\",\"urlTemplate\":\"https:\/\/sites.historia.uff.br\/profhistoria\/?s={search_term_string}\"},\"query-input\":\"required name=search_term_string\"}],\"inLanguage\":\"pt-BR\"},{\"@type\":\"ImageObject\",\"inLanguage\":\"pt-BR\",\"@id\":\"https:\/\/sites.historia.uff.br\/profhistoria\/#primaryimage\",\"url\":\"https:\/\/sites.historia.uff.br\/profhistoria\/wp-content\/uploads\/sites\/5\/2022\/09\/logo_cor.jpg\",\"contentUrl\":\"https:\/\/sites.historia.uff.br\/profhistoria\/wp-content\/uploads\/sites\/5\/2022\/09\/logo_cor.jpg\",\"width\":250,\"height\":229},{\"@type\":\"WebPage\",\"@id\":\"https:\/\/sites.historia.uff.br\/profhistoria\/#webpage\",\"url\":\"https:\/\/sites.historia.uff.br\/profhistoria\/\",\"name\":\"In\u00edcio - Mestrado Profissional em Ensino de Hist\u00f3ria\",\"isPartOf\":{\"@id\":\"https:\/\/sites.historia.uff.br\/profhistoria\/#website\"},\"primaryImageOfPage\":{\"@id\":\"https:\/\/sites.historia.uff.br\/profhistoria\/#primaryimage\"},\"datePublished\":\"2022-05-11T20:01:39+00:00\",\"dateModified\":\"2023-10-02T13:01:44+00:00\",\"breadcrumb\":{\"@id\":\"https:\/\/sites.historia.uff.br\/profhistoria\/#breadcrumb\"},\"inLanguage\":\"pt-BR\",\"potentialAction\":[{\"@type\":\"ReadAction\",\"target\":[\"https:\/\/sites.historia.uff.br\/profhistoria\/\"]}]},{\"@type\":\"BreadcrumbList\",\"@id\":\"https:\/\/sites.historia.uff.br\/profhistoria\/#breadcrumb\",\"itemListElement\":[{\"@type\":\"ListItem\",\"position\":1,\"name\":\"In\u00edcio\",\"item\":\"https:\/\/sites.historia.uff.br\/profhistoria\/\"},{\"@type\":\"ListItem\",\"position\":2,\"name\":\"In\u00edcio\"}]}]}<\/script>\n<!-- \/ Yoast SEO plugin. -->","yoast_head_json":{"title":"In\u00edcio - Mestrado Profissional em Ensino de Hist\u00f3ria","robots":{"index":"index","follow":"follow","max-snippet":"max-snippet:-1","max-image-preview":"max-image-preview:large","max-video-preview":"max-video-preview:-1"},"canonical":"https:\/\/sites.historia.uff.br\/profhistoria\/","og_locale":"pt_BR","og_type":"article","og_title":"In\u00edcio - Mestrado Profissional em Ensino de Hist\u00f3ria","og_description":"O\u00a0PROFHIST\u00d3RIA\u00a0\u00e9 um programa de p\u00f3s-gradua\u00e7\u00e3o stricto sensu em Ensino de Hist\u00f3ria, reconhecido pela Coordena\u00e7\u00e3o de Aperfei\u00e7oamento de Pessoal de N\u00edvel Superior (CAPES) com conceito 5 (cinco). Coordenado em \u00e2mbito nacional pela Universidade Federal do Rio de Janeiro, tem como objetivo proporcionar forma\u00e7\u00e3o continuada aos docentes de Hist\u00f3ria da Educa\u00e7\u00e3o B\u00e1sica, contribuindo para a melhoria da&hellip;&nbsp;Continue a ler &raquo;In\u00edcio","og_url":"https:\/\/sites.historia.uff.br\/profhistoria\/","og_site_name":"Mestrado Profissional em Ensino de Hist\u00f3ria","article_modified_time":"2023-10-02T13:01:44+00:00","og_image":[{"url":"https:\/\/sites.historia.uff.br\/profhistoria\/wp-content\/uploads\/sites\/5\/2022\/09\/logo_cor.jpg"}],"author":"profhistoria","twitter_card":"summary_large_image","twitter_misc":{"Est. tempo de leitura":"1 minuto"},"schema":{"@context":"https:\/\/schema.org","@graph":[{"@type":"WebSite","@id":"https:\/\/sites.historia.uff.br\/profhistoria\/#website","url":"https:\/\/sites.historia.uff.br\/profhistoria\/","name":"Mestrado Profissional em Ensino de Hist\u00f3ria","description":"S\u00f3 mais um site Site Labs Hist\u00f3ria","potentialAction":[{"@type":"SearchAction","target":{"@type":"EntryPoint","urlTemplate":"https:\/\/sites.historia.uff.br\/profhistoria\/?s={search_term_string}"},"query-input":"required name=search_term_string"}],"inLanguage":"pt-BR"},{"@type":"ImageObject","inLanguage":"pt-BR","@id":"https:\/\/sites.historia.uff.br\/profhistoria\/#primaryimage","url":"https:\/\/sites.historia.uff.br\/profhistoria\/wp-content\/uploads\/sites\/5\/2022\/09\/logo_cor.jpg","contentUrl":"https:\/\/sites.historia.uff.br\/profhistoria\/wp-content\/uploads\/sites\/5\/2022\/09\/logo_cor.jpg","width":250,"height":229},{"@type":"WebPage","@id":"https:\/\/sites.historia.uff.br\/profhistoria\/#webpage","url":"https:\/\/sites.historia.uff.br\/profhistoria\/","name":"In\u00edcio - Mestrado Profissional em Ensino de Hist\u00f3ria","isPartOf":{"@id":"https:\/\/sites.historia.uff.br\/profhistoria\/#website"},"primaryImageOfPage":{"@id":"https:\/\/sites.historia.uff.br\/profhistoria\/#primaryimage"},"datePublished":"2022-05-11T20:01:39+00:00","dateModified":"2023-10-02T13:01:44+00:00","breadcrumb":{"@id":"https:\/\/sites.historia.uff.br\/profhistoria\/#breadcrumb"},"inLanguage":"pt-BR","potentialAction":[{"@type":"ReadAction","target":["https:\/\/sites.historia.uff.br\/profhistoria\/"]}]},{"@type":"BreadcrumbList","@id":"https:\/\/sites.historia.uff.br\/profhistoria\/#breadcrumb","itemListElement":[{"@type":"ListItem","position":1,"name":"In\u00edcio","item":"https:\/\/sites.historia.uff.br\/profhistoria\/"},{"@type":"ListItem","position":2,"name":"In\u00edcio"}]}]}},"uagb_featured_image_src":{"full":false,"thumbnail":false,"medium":false,"medium_large":false,"large":false,"1536x1536":false,"2048x2048":false,"neve-blog":false},"uagb_author_info":{"display_name":"profhistoria","author_link":"https:\/\/sites.historia.uff.br\/profhistoria\/author\/profhistoria\/"},"uagb_comment_info":0,"uagb_excerpt":"O\u00a0PROFHIST\u00d3RIA\u00a0\u00e9 um programa de p\u00f3s-gradua\u00e7\u00e3o stricto sensu em Ensino de Hist\u00f3ria, reconhecido pela Coordena\u00e7\u00e3o de Aperfei\u00e7oamento de Pessoal de N\u00edvel Superior (CAPES) com conceito 5 (cinco). Coordenado em \u00e2mbito nacional pela Universidade Federal do Rio de Janeiro, tem como objetivo proporcionar forma\u00e7\u00e3o continuada aos docentes de Hist\u00f3ria da Educa\u00e7\u00e3o B\u00e1sica, contribuindo para a melhoria da&hellip;&nbsp;Continue&hellip;","_links":{"self":[{"href":"https:\/\/sites.historia.uff.br\/profhistoria\/wp-json\/wp\/v2\/pages\/2"}],"collection":[{"href":"https:\/\/sites.historia.uff.br\/profhistoria\/wp-json\/wp\/v2\/pages"}],"about":[{"href":"https:\/\/sites.historia.uff.br\/profhistoria\/wp-json\/wp\/v2\/types\/page"}],"author":[{"embeddable":true,"href":"https:\/\/sites.historia.uff.br\/profhistoria\/wp-json\/wp\/v2\/users\/5"}],"replies":[{"embeddable":true,"href":"https:\/\/sites.historia.uff.br\/profhistoria\/wp-json\/wp\/v2\/comments?post=2"}],"version-history":[{"count":23,"href":"https:\/\/sites.historia.uff.br\/profhistoria\/wp-json\/wp\/v2\/pages\/2\/revisions"}],"predecessor-version":[{"id":55,"href":"https:\/\/sites.historia.uff.br\/profhistoria\/wp-json\/wp\/v2\/pages\/2\/revisions\/55"}],"wp:attachment":[{"href":"https:\/\/sites.historia.uff.br\/profhistoria\/wp-json\/wp\/v2\/media?parent=2"}],"curies":[{"name":"wp","href":"https:\/\/api.w.org\/{rel}","templated":true}]}}