{"id":37,"date":"2022-09-15T18:51:39","date_gmt":"2022-09-15T21:51:39","guid":{"rendered":"https:\/\/sites.historia.uff.br\/profhistoria\/?page_id=37"},"modified":"2022-09-15T18:51:41","modified_gmt":"2022-09-15T21:51:41","slug":"selecao","status":"publish","type":"page","link":"https:\/\/sites.historia.uff.br\/profhistoria\/selecao\/","title":{"rendered":"Sele\u00e7\u00e3o"},"content":{"rendered":"\n<p>O Edital de Sele\u00e7\u00e3o para as turmas de 2023 do Mestrado Profissional em Ensino de Hist\u00f3ria \u2013 ProfHist\u00f3ria &#8211; est\u00e1 no ar.<\/p>\n\n\n\n<p>Para mais informa\u00e7\u00f5es e realizar a inscri\u00e7\u00e3o, acesse:&nbsp;<strong><a href=\"https:\/\/www.vestibular.uerj.br\/?page_id=12388\">https:\/\/www.vestibular.uerj.br\/?page_id=12388<\/a><\/strong><\/p>\n\n\n\n<p>O Exame ser\u00e1 presencial, no dia <strong>6 de novembro<\/strong> de 2022.<\/p>\n\n\n\n<p>HOR\u00c1RIOS DO PROFHIST\u00d3RIA N\u00daCLEO UFF 2023\u00a0(1\u00ba E 2\u00ba SEMESTRE): EM BREVE<\/p>\n\n\n\n<div class=\"wp-block-image\"><figure class=\"aligncenter size-large\"><img loading=\"lazy\" width=\"709\" height=\"1024\" src=\"https:\/\/sites.historia.uff.br\/profhistoria\/wp-content\/uploads\/sites\/5\/2022\/09\/cartaz_edital2023-709x1024.png\" alt=\"\" class=\"wp-image-38\" srcset=\"https:\/\/sites.historia.uff.br\/profhistoria\/wp-content\/uploads\/sites\/5\/2022\/09\/cartaz_edital2023-709x1024.png 709w, https:\/\/sites.historia.uff.br\/profhistoria\/wp-content\/uploads\/sites\/5\/2022\/09\/cartaz_edital2023-208x300.png 208w, https:\/\/sites.historia.uff.br\/profhistoria\/wp-content\/uploads\/sites\/5\/2022\/09\/cartaz_edital2023.png 720w\" sizes=\"(max-width: 709px) 100vw, 709px\" \/><\/figure><\/div>\n","protected":false},"excerpt":{"rendered":"<p>O Edital de Sele\u00e7\u00e3o para as turmas de 2023 do Mestrado Profissional em Ensino de Hist\u00f3ria \u2013 ProfHist\u00f3ria &#8211; est\u00e1 no ar. Para mais informa\u00e7\u00f5es e realizar a inscri\u00e7\u00e3o, acesse:&nbsp;https:\/\/www.vestibular.uerj.br\/?page_id=12388 O Exame ser\u00e1 presencial, no dia 6 de novembro de 2022. HOR\u00c1RIOS DO PROFHIST\u00d3RIA N\u00daCLEO UFF 2023\u00a0(1\u00ba E 2\u00ba SEMESTRE): EM BREVE<\/p>\n","protected":false},"author":1,"featured_media":38,"parent":0,"menu_order":0,"comment_status":"closed","ping_status":"closed","template":"","meta":{"neve_meta_sidebar":"","neve_meta_container":"","neve_meta_enable_content_width":"","neve_meta_content_width":0,"neve_meta_title_alignment":"","neve_meta_author_avatar":"","neve_post_elements_order":"","neve_meta_disable_header":"","neve_meta_disable_footer":"","neve_meta_disable_title":""},"acf":[],"yoast_head":"<!-- This site is optimized with the Yoast SEO plugin v19.2 - https:\/\/yoast.com\/wordpress\/plugins\/seo\/ -->\n<title>Sele\u00e7\u00e3o - Mestrado Profissional em Ensino de Hist\u00f3ria<\/title>\n<meta name=\"robots\" content=\"index, follow, max-snippet:-1, max-image-preview:large, max-video-preview:-1\" \/>\n<link rel=\"canonical\" href=\"https:\/\/sites.historia.uff.br\/profhistoria\/selecao\/\" \/>\n<meta property=\"og:locale\" content=\"pt_BR\" \/>\n<meta property=\"og:type\" content=\"article\" \/>\n<meta property=\"og:title\" content=\"Sele\u00e7\u00e3o - Mestrado Profissional em Ensino de Hist\u00f3ria\" \/>\n<meta property=\"og:description\" content=\"O Edital de Sele\u00e7\u00e3o para as turmas de 2023 do Mestrado Profissional em Ensino de Hist\u00f3ria \u2013 ProfHist\u00f3ria &#8211; est\u00e1 no ar. Para mais informa\u00e7\u00f5es e realizar a inscri\u00e7\u00e3o, acesse:&nbsp;https:\/\/www.vestibular.uerj.br\/?page_id=12388 O Exame ser\u00e1 presencial, no dia 6 de novembro de 2022. HOR\u00c1RIOS DO PROFHIST\u00d3RIA N\u00daCLEO UFF 2023\u00a0(1\u00ba E 2\u00ba SEMESTRE): EM BREVE\" \/>\n<meta property=\"og:url\" content=\"https:\/\/sites.historia.uff.br\/profhistoria\/selecao\/\" \/>\n<meta property=\"og:site_name\" content=\"Mestrado Profissional em Ensino de Hist\u00f3ria\" \/>\n<meta property=\"article:modified_time\" content=\"2022-09-15T21:51:41+00:00\" \/>\n<meta property=\"og:image\" content=\"https:\/\/sites.historia.uff.br\/profhistoria\/wp-content\/uploads\/sites\/5\/2022\/09\/cartaz_edital2023.png\" \/>\n\t<meta property=\"og:image:width\" content=\"720\" \/>\n\t<meta property=\"og:image:height\" content=\"1040\" \/>\n\t<meta property=\"og:image:type\" content=\"image\/png\" \/>\n<meta name=\"author\" content=\"admsite\" \/>\n<meta name=\"twitter:card\" content=\"summary_large_image\" \/>\n<meta name=\"twitter:label1\" content=\"Est. tempo de leitura\" \/>\n\t<meta name=\"twitter:data1\" content=\"1 minuto\" \/>\n<script type=\"application\/ld+json\" class=\"yoast-schema-graph\">{\"@context\":\"https:\/\/schema.org\",\"@graph\":[{\"@type\":\"WebSite\",\"@id\":\"https:\/\/sites.historia.uff.br\/profhistoria\/#website\",\"url\":\"https:\/\/sites.historia.uff.br\/profhistoria\/\",\"name\":\"Mestrado Profissional em Ensino de Hist\u00f3ria\",\"description\":\"S\u00f3 mais um site Site Labs Hist\u00f3ria\",\"potentialAction\":[{\"@type\":\"SearchAction\",\"target\":{\"@type\":\"EntryPoint\",\"urlTemplate\":\"https:\/\/sites.historia.uff.br\/profhistoria\/?s={search_term_string}\"},\"query-input\":\"required name=search_term_string\"}],\"inLanguage\":\"pt-BR\"},{\"@type\":\"ImageObject\",\"inLanguage\":\"pt-BR\",\"@id\":\"https:\/\/sites.historia.uff.br\/profhistoria\/selecao\/#primaryimage\",\"url\":\"https:\/\/sites.historia.uff.br\/profhistoria\/wp-content\/uploads\/sites\/5\/2022\/09\/cartaz_edital2023.png\",\"contentUrl\":\"https:\/\/sites.historia.uff.br\/profhistoria\/wp-content\/uploads\/sites\/5\/2022\/09\/cartaz_edital2023.png\",\"width\":720,\"height\":1040},{\"@type\":\"WebPage\",\"@id\":\"https:\/\/sites.historia.uff.br\/profhistoria\/selecao\/#webpage\",\"url\":\"https:\/\/sites.historia.uff.br\/profhistoria\/selecao\/\",\"name\":\"Sele\u00e7\u00e3o - Mestrado Profissional em Ensino de Hist\u00f3ria\",\"isPartOf\":{\"@id\":\"https:\/\/sites.historia.uff.br\/profhistoria\/#website\"},\"primaryImageOfPage\":{\"@id\":\"https:\/\/sites.historia.uff.br\/profhistoria\/selecao\/#primaryimage\"},\"datePublished\":\"2022-09-15T21:51:39+00:00\",\"dateModified\":\"2022-09-15T21:51:41+00:00\",\"breadcrumb\":{\"@id\":\"https:\/\/sites.historia.uff.br\/profhistoria\/selecao\/#breadcrumb\"},\"inLanguage\":\"pt-BR\",\"potentialAction\":[{\"@type\":\"ReadAction\",\"target\":[\"https:\/\/sites.historia.uff.br\/profhistoria\/selecao\/\"]}]},{\"@type\":\"BreadcrumbList\",\"@id\":\"https:\/\/sites.historia.uff.br\/profhistoria\/selecao\/#breadcrumb\",\"itemListElement\":[{\"@type\":\"ListItem\",\"position\":1,\"name\":\"In\u00edcio\",\"item\":\"https:\/\/sites.historia.uff.br\/profhistoria\/\"},{\"@type\":\"ListItem\",\"position\":2,\"name\":\"Sele\u00e7\u00e3o\"}]}]}<\/script>\n<!-- \/ Yoast SEO plugin. -->","yoast_head_json":{"title":"Sele\u00e7\u00e3o - Mestrado Profissional em Ensino de Hist\u00f3ria","robots":{"index":"index","follow":"follow","max-snippet":"max-snippet:-1","max-image-preview":"max-image-preview:large","max-video-preview":"max-video-preview:-1"},"canonical":"https:\/\/sites.historia.uff.br\/profhistoria\/selecao\/","og_locale":"pt_BR","og_type":"article","og_title":"Sele\u00e7\u00e3o - Mestrado Profissional em Ensino de Hist\u00f3ria","og_description":"O Edital de Sele\u00e7\u00e3o para as turmas de 2023 do Mestrado Profissional em Ensino de Hist\u00f3ria \u2013 ProfHist\u00f3ria &#8211; est\u00e1 no ar. Para mais informa\u00e7\u00f5es e realizar a inscri\u00e7\u00e3o, acesse:&nbsp;https:\/\/www.vestibular.uerj.br\/?page_id=12388 O Exame ser\u00e1 presencial, no dia 6 de novembro de 2022. HOR\u00c1RIOS DO PROFHIST\u00d3RIA N\u00daCLEO UFF 2023\u00a0(1\u00ba E 2\u00ba SEMESTRE): EM BREVE","og_url":"https:\/\/sites.historia.uff.br\/profhistoria\/selecao\/","og_site_name":"Mestrado Profissional em Ensino de Hist\u00f3ria","article_modified_time":"2022-09-15T21:51:41+00:00","og_image":[{"width":720,"height":1040,"url":"https:\/\/sites.historia.uff.br\/profhistoria\/wp-content\/uploads\/sites\/5\/2022\/09\/cartaz_edital2023.png","type":"image\/png"}],"author":"admsite","twitter_card":"summary_large_image","twitter_misc":{"Est. tempo de leitura":"1 minuto"},"schema":{"@context":"https:\/\/schema.org","@graph":[{"@type":"WebSite","@id":"https:\/\/sites.historia.uff.br\/profhistoria\/#website","url":"https:\/\/sites.historia.uff.br\/profhistoria\/","name":"Mestrado Profissional em Ensino de Hist\u00f3ria","description":"S\u00f3 mais um site Site Labs Hist\u00f3ria","potentialAction":[{"@type":"SearchAction","target":{"@type":"EntryPoint","urlTemplate":"https:\/\/sites.historia.uff.br\/profhistoria\/?s={search_term_string}"},"query-input":"required name=search_term_string"}],"inLanguage":"pt-BR"},{"@type":"ImageObject","inLanguage":"pt-BR","@id":"https:\/\/sites.historia.uff.br\/profhistoria\/selecao\/#primaryimage","url":"https:\/\/sites.historia.uff.br\/profhistoria\/wp-content\/uploads\/sites\/5\/2022\/09\/cartaz_edital2023.png","contentUrl":"https:\/\/sites.historia.uff.br\/profhistoria\/wp-content\/uploads\/sites\/5\/2022\/09\/cartaz_edital2023.png","width":720,"height":1040},{"@type":"WebPage","@id":"https:\/\/sites.historia.uff.br\/profhistoria\/selecao\/#webpage","url":"https:\/\/sites.historia.uff.br\/profhistoria\/selecao\/","name":"Sele\u00e7\u00e3o - Mestrado Profissional em Ensino de Hist\u00f3ria","isPartOf":{"@id":"https:\/\/sites.historia.uff.br\/profhistoria\/#website"},"primaryImageOfPage":{"@id":"https:\/\/sites.historia.uff.br\/profhistoria\/selecao\/#primaryimage"},"datePublished":"2022-09-15T21:51:39+00:00","dateModified":"2022-09-15T21:51:41+00:00","breadcrumb":{"@id":"https:\/\/sites.historia.uff.br\/profhistoria\/selecao\/#breadcrumb"},"inLanguage":"pt-BR","potentialAction":[{"@type":"ReadAction","target":["https:\/\/sites.historia.uff.br\/profhistoria\/selecao\/"]}]},{"@type":"BreadcrumbList","@id":"https:\/\/sites.historia.uff.br\/profhistoria\/selecao\/#breadcrumb","itemListElement":[{"@type":"ListItem","position":1,"name":"In\u00edcio","item":"https:\/\/sites.historia.uff.br\/profhistoria\/"},{"@type":"ListItem","position":2,"name":"Sele\u00e7\u00e3o"}]}]}},"uagb_featured_image_src":{"full":["https:\/\/sites.historia.uff.br\/profhistoria\/wp-content\/uploads\/sites\/5\/2022\/09\/cartaz_edital2023.png",720,1040,false],"thumbnail":["https:\/\/sites.historia.uff.br\/profhistoria\/wp-content\/uploads\/sites\/5\/2022\/09\/cartaz_edital2023-150x150.png",150,150,true],"medium":["https:\/\/sites.historia.uff.br\/profhistoria\/wp-content\/uploads\/sites\/5\/2022\/09\/cartaz_edital2023-208x300.png",208,300,true],"medium_large":["https:\/\/sites.historia.uff.br\/profhistoria\/wp-content\/uploads\/sites\/5\/2022\/09\/cartaz_edital2023.png",720,1040,false],"large":["https:\/\/sites.historia.uff.br\/profhistoria\/wp-content\/uploads\/sites\/5\/2022\/09\/cartaz_edital2023-709x1024.png",709,1024,true],"1536x1536":["https:\/\/sites.historia.uff.br\/profhistoria\/wp-content\/uploads\/sites\/5\/2022\/09\/cartaz_edital2023.png",720,1040,false],"2048x2048":["https:\/\/sites.historia.uff.br\/profhistoria\/wp-content\/uploads\/sites\/5\/2022\/09\/cartaz_edital2023.png",720,1040,false],"neve-blog":["https:\/\/sites.historia.uff.br\/profhistoria\/wp-content\/uploads\/sites\/5\/2022\/09\/cartaz_edital2023-720x620.png",720,620,true]},"uagb_author_info":{"display_name":"admsite","author_link":"https:\/\/sites.historia.uff.br\/profhistoria\/author\/admsite\/"},"uagb_comment_info":0,"uagb_excerpt":"O Edital de Sele\u00e7\u00e3o para as turmas de 2023 do Mestrado Profissional em Ensino de Hist\u00f3ria \u2013 ProfHist\u00f3ria &#8211; est\u00e1 no ar. Para mais informa\u00e7\u00f5es e realizar a inscri\u00e7\u00e3o, acesse:&nbsp;https:\/\/www.vestibular.uerj.br\/?page_id=12388 O Exame ser\u00e1 presencial, no dia 6 de novembro de 2022. HOR\u00c1RIOS DO PROFHIST\u00d3RIA N\u00daCLEO UFF 2023\u00a0(1\u00ba E 2\u00ba SEMESTRE): EM BREVE","_links":{"self":[{"href":"https:\/\/sites.historia.uff.br\/profhistoria\/wp-json\/wp\/v2\/pages\/37"}],"collection":[{"href":"https:\/\/sites.historia.uff.br\/profhistoria\/wp-json\/wp\/v2\/pages"}],"about":[{"href":"https:\/\/sites.historia.uff.br\/profhistoria\/wp-json\/wp\/v2\/types\/page"}],"author":[{"embeddable":true,"href":"https:\/\/sites.historia.uff.br\/profhistoria\/wp-json\/wp\/v2\/users\/1"}],"replies":[{"embeddable":true,"href":"https:\/\/sites.historia.uff.br\/profhistoria\/wp-json\/wp\/v2\/comments?post=37"}],"version-history":[{"count":1,"href":"https:\/\/sites.historia.uff.br\/profhistoria\/wp-json\/wp\/v2\/pages\/37\/revisions"}],"predecessor-version":[{"id":39,"href":"https:\/\/sites.historia.uff.br\/profhistoria\/wp-json\/wp\/v2\/pages\/37\/revisions\/39"}],"wp:featuredmedia":[{"embeddable":true,"href":"https:\/\/sites.historia.uff.br\/profhistoria\/wp-json\/wp\/v2\/media\/38"}],"wp:attachment":[{"href":"https:\/\/sites.historia.uff.br\/profhistoria\/wp-json\/wp\/v2\/media?parent=37"}],"curies":[{"name":"wp","href":"https:\/\/api.w.org\/{rel}","templated":true}]}}