{"id":40,"date":"2022-09-15T18:55:03","date_gmt":"2022-09-15T21:55:03","guid":{"rendered":"https:\/\/sites.historia.uff.br\/profhistoria\/?page_id=40"},"modified":"2022-09-15T18:55:04","modified_gmt":"2022-09-15T21:55:04","slug":"contato","status":"publish","type":"page","link":"https:\/\/sites.historia.uff.br\/profhistoria\/contato\/","title":{"rendered":"Contato"},"content":{"rendered":"\n<p><strong>Secretaria Local<\/strong><\/p>\n\n\n\n<p>Universidade Federal Fluminense<br>Programa de P\u00f3s-Gradua\u00e7\u00e3o em Ensino de Hist\u00f3ria \u2013 Mestrado Profissional<br>Campus do Gragoat\u00e1 &#8211; Bloco O, 5\u00b0 andar, sala 511<br>Niter\u00f3i\/RJ<\/p>\n\n\n\n<p>(21) 2629-2927<\/p>\n\n\n\n<p><a href=\"mailto:peh.iht@id.uff.br\">peh.iht@id.uff.br<\/a><\/p>\n\n\n\n<p><strong>Coordena\u00e7\u00e3o<\/strong><\/p>\n\n\n\n<p>Coordenador: Rodrigo de Almeida Ferreira<br>Coordenadora Adjunta: Patr\u00edcia Teixeira de S\u00e1<\/p>\n","protected":false},"excerpt":{"rendered":"<p>Secretaria Local Universidade Federal FluminensePrograma de P\u00f3s-Gradua\u00e7\u00e3o em Ensino de Hist\u00f3ria \u2013 Mestrado ProfissionalCampus do Gragoat\u00e1 &#8211; Bloco O, 5\u00b0 andar, sala 511Niter\u00f3i\/RJ (21) 2629-2927 peh.iht@id.uff.br Coordena\u00e7\u00e3o Coordenador: Rodrigo de Almeida FerreiraCoordenadora Adjunta: Patr\u00edcia Teixeira de S\u00e1<\/p>\n","protected":false},"author":1,"featured_media":0,"parent":0,"menu_order":0,"comment_status":"closed","ping_status":"closed","template":"","meta":{"neve_meta_sidebar":"","neve_meta_container":"","neve_meta_enable_content_width":"","neve_meta_content_width":0,"neve_meta_title_alignment":"","neve_meta_author_avatar":"","neve_post_elements_order":"","neve_meta_disable_header":"","neve_meta_disable_footer":"","neve_meta_disable_title":""},"acf":[],"yoast_head":"<!-- This site is optimized with the Yoast SEO plugin v19.2 - https:\/\/yoast.com\/wordpress\/plugins\/seo\/ -->\n<title>Contato - Mestrado Profissional em Ensino de Hist\u00f3ria<\/title>\n<meta name=\"robots\" content=\"index, follow, max-snippet:-1, max-image-preview:large, max-video-preview:-1\" \/>\n<link rel=\"canonical\" href=\"https:\/\/sites.historia.uff.br\/profhistoria\/contato\/\" \/>\n<meta property=\"og:locale\" content=\"pt_BR\" \/>\n<meta property=\"og:type\" content=\"article\" \/>\n<meta property=\"og:title\" content=\"Contato - Mestrado Profissional em Ensino de Hist\u00f3ria\" \/>\n<meta property=\"og:description\" content=\"Secretaria Local Universidade Federal FluminensePrograma de P\u00f3s-Gradua\u00e7\u00e3o em Ensino de Hist\u00f3ria \u2013 Mestrado ProfissionalCampus do Gragoat\u00e1 &#8211; Bloco O, 5\u00b0 andar, sala 511Niter\u00f3i\/RJ (21) 2629-2927 peh.iht@id.uff.br Coordena\u00e7\u00e3o Coordenador: Rodrigo de Almeida FerreiraCoordenadora Adjunta: Patr\u00edcia Teixeira de S\u00e1\" \/>\n<meta property=\"og:url\" content=\"https:\/\/sites.historia.uff.br\/profhistoria\/contato\/\" \/>\n<meta property=\"og:site_name\" content=\"Mestrado Profissional em Ensino de Hist\u00f3ria\" \/>\n<meta property=\"article:modified_time\" content=\"2022-09-15T21:55:04+00:00\" \/>\n<meta name=\"author\" content=\"admsite\" \/>\n<meta name=\"twitter:card\" content=\"summary_large_image\" \/>\n<meta name=\"twitter:label1\" content=\"Est. tempo de leitura\" \/>\n\t<meta name=\"twitter:data1\" content=\"1 minuto\" \/>\n<script type=\"application\/ld+json\" class=\"yoast-schema-graph\">{\"@context\":\"https:\/\/schema.org\",\"@graph\":[{\"@type\":\"WebSite\",\"@id\":\"https:\/\/sites.historia.uff.br\/profhistoria\/#website\",\"url\":\"https:\/\/sites.historia.uff.br\/profhistoria\/\",\"name\":\"Mestrado Profissional em Ensino de Hist\u00f3ria\",\"description\":\"S\u00f3 mais um site Site Labs Hist\u00f3ria\",\"potentialAction\":[{\"@type\":\"SearchAction\",\"target\":{\"@type\":\"EntryPoint\",\"urlTemplate\":\"https:\/\/sites.historia.uff.br\/profhistoria\/?s={search_term_string}\"},\"query-input\":\"required name=search_term_string\"}],\"inLanguage\":\"pt-BR\"},{\"@type\":\"WebPage\",\"@id\":\"https:\/\/sites.historia.uff.br\/profhistoria\/contato\/#webpage\",\"url\":\"https:\/\/sites.historia.uff.br\/profhistoria\/contato\/\",\"name\":\"Contato - Mestrado Profissional em Ensino de Hist\u00f3ria\",\"isPartOf\":{\"@id\":\"https:\/\/sites.historia.uff.br\/profhistoria\/#website\"},\"datePublished\":\"2022-09-15T21:55:03+00:00\",\"dateModified\":\"2022-09-15T21:55:04+00:00\",\"breadcrumb\":{\"@id\":\"https:\/\/sites.historia.uff.br\/profhistoria\/contato\/#breadcrumb\"},\"inLanguage\":\"pt-BR\",\"potentialAction\":[{\"@type\":\"ReadAction\",\"target\":[\"https:\/\/sites.historia.uff.br\/profhistoria\/contato\/\"]}]},{\"@type\":\"BreadcrumbList\",\"@id\":\"https:\/\/sites.historia.uff.br\/profhistoria\/contato\/#breadcrumb\",\"itemListElement\":[{\"@type\":\"ListItem\",\"position\":1,\"name\":\"In\u00edcio\",\"item\":\"https:\/\/sites.historia.uff.br\/profhistoria\/\"},{\"@type\":\"ListItem\",\"position\":2,\"name\":\"Contato\"}]}]}<\/script>\n<!-- \/ Yoast SEO plugin. -->","yoast_head_json":{"title":"Contato - Mestrado Profissional em Ensino de Hist\u00f3ria","robots":{"index":"index","follow":"follow","max-snippet":"max-snippet:-1","max-image-preview":"max-image-preview:large","max-video-preview":"max-video-preview:-1"},"canonical":"https:\/\/sites.historia.uff.br\/profhistoria\/contato\/","og_locale":"pt_BR","og_type":"article","og_title":"Contato - Mestrado Profissional em Ensino de Hist\u00f3ria","og_description":"Secretaria Local Universidade Federal FluminensePrograma de P\u00f3s-Gradua\u00e7\u00e3o em Ensino de Hist\u00f3ria \u2013 Mestrado ProfissionalCampus do Gragoat\u00e1 &#8211; Bloco O, 5\u00b0 andar, sala 511Niter\u00f3i\/RJ (21) 2629-2927 peh.iht@id.uff.br Coordena\u00e7\u00e3o Coordenador: Rodrigo de Almeida FerreiraCoordenadora Adjunta: Patr\u00edcia Teixeira de S\u00e1","og_url":"https:\/\/sites.historia.uff.br\/profhistoria\/contato\/","og_site_name":"Mestrado Profissional em Ensino de Hist\u00f3ria","article_modified_time":"2022-09-15T21:55:04+00:00","author":"admsite","twitter_card":"summary_large_image","twitter_misc":{"Est. tempo de leitura":"1 minuto"},"schema":{"@context":"https:\/\/schema.org","@graph":[{"@type":"WebSite","@id":"https:\/\/sites.historia.uff.br\/profhistoria\/#website","url":"https:\/\/sites.historia.uff.br\/profhistoria\/","name":"Mestrado Profissional em Ensino de Hist\u00f3ria","description":"S\u00f3 mais um site Site Labs Hist\u00f3ria","potentialAction":[{"@type":"SearchAction","target":{"@type":"EntryPoint","urlTemplate":"https:\/\/sites.historia.uff.br\/profhistoria\/?s={search_term_string}"},"query-input":"required name=search_term_string"}],"inLanguage":"pt-BR"},{"@type":"WebPage","@id":"https:\/\/sites.historia.uff.br\/profhistoria\/contato\/#webpage","url":"https:\/\/sites.historia.uff.br\/profhistoria\/contato\/","name":"Contato - Mestrado Profissional em Ensino de Hist\u00f3ria","isPartOf":{"@id":"https:\/\/sites.historia.uff.br\/profhistoria\/#website"},"datePublished":"2022-09-15T21:55:03+00:00","dateModified":"2022-09-15T21:55:04+00:00","breadcrumb":{"@id":"https:\/\/sites.historia.uff.br\/profhistoria\/contato\/#breadcrumb"},"inLanguage":"pt-BR","potentialAction":[{"@type":"ReadAction","target":["https:\/\/sites.historia.uff.br\/profhistoria\/contato\/"]}]},{"@type":"BreadcrumbList","@id":"https:\/\/sites.historia.uff.br\/profhistoria\/contato\/#breadcrumb","itemListElement":[{"@type":"ListItem","position":1,"name":"In\u00edcio","item":"https:\/\/sites.historia.uff.br\/profhistoria\/"},{"@type":"ListItem","position":2,"name":"Contato"}]}]}},"uagb_featured_image_src":{"full":false,"thumbnail":false,"medium":false,"medium_large":false,"large":false,"1536x1536":false,"2048x2048":false,"neve-blog":false},"uagb_author_info":{"display_name":"admsite","author_link":"https:\/\/sites.historia.uff.br\/profhistoria\/author\/admsite\/"},"uagb_comment_info":0,"uagb_excerpt":"Secretaria Local Universidade Federal FluminensePrograma de P\u00f3s-Gradua\u00e7\u00e3o em Ensino de Hist\u00f3ria \u2013 Mestrado ProfissionalCampus do Gragoat\u00e1 &#8211; Bloco O, 5\u00b0 andar, sala 511Niter\u00f3i\/RJ (21) 2629-2927 peh.iht@id.uff.br Coordena\u00e7\u00e3o Coordenador: Rodrigo de Almeida FerreiraCoordenadora Adjunta: Patr\u00edcia Teixeira de S\u00e1","_links":{"self":[{"href":"https:\/\/sites.historia.uff.br\/profhistoria\/wp-json\/wp\/v2\/pages\/40"}],"collection":[{"href":"https:\/\/sites.historia.uff.br\/profhistoria\/wp-json\/wp\/v2\/pages"}],"about":[{"href":"https:\/\/sites.historia.uff.br\/profhistoria\/wp-json\/wp\/v2\/types\/page"}],"author":[{"embeddable":true,"href":"https:\/\/sites.historia.uff.br\/profhistoria\/wp-json\/wp\/v2\/users\/1"}],"replies":[{"embeddable":true,"href":"https:\/\/sites.historia.uff.br\/profhistoria\/wp-json\/wp\/v2\/comments?post=40"}],"version-history":[{"count":1,"href":"https:\/\/sites.historia.uff.br\/profhistoria\/wp-json\/wp\/v2\/pages\/40\/revisions"}],"predecessor-version":[{"id":41,"href":"https:\/\/sites.historia.uff.br\/profhistoria\/wp-json\/wp\/v2\/pages\/40\/revisions\/41"}],"wp:attachment":[{"href":"https:\/\/sites.historia.uff.br\/profhistoria\/wp-json\/wp\/v2\/media?parent=40"}],"curies":[{"name":"wp","href":"https:\/\/api.w.org\/{rel}","templated":true}]}}